{"id":2853,"date":"2023-06-27T01:53:33","date_gmt":"2023-06-27T01:53:33","guid":{"rendered":"https:\/\/fagrama.com\/?page_id=2853"},"modified":"2025-12-17T21:28:26","modified_gmt":"2025-12-17T21:28:26","slug":"home-6","status":"publish","type":"page","link":"https:\/\/fagrama.com\/index.php\/home-6\/","title":{"rendered":"Blogs"},"content":{"rendered":"\t\t<div data-elementor-type=\"wp-page\" data-elementor-id=\"2853\" class=\"elementor elementor-2853\">\n\t\t\t\t<div class=\"elementor-element elementor-element-2d2fb4d e-flex e-con-boxed e-con e-parent\" data-id=\"2d2fb4d\" data-element_type=\"container\">\n\t\t\t\t\t<div class=\"e-con-inner\">\n\t\t<div class=\"elementor-element elementor-element-c1aee57 e-con-full e-flex e-con e-child\" data-id=\"c1aee57\" data-element_type=\"container\">\n\t\t\t\t<div class=\"elementor-element elementor-element-94e0ea0 elementor-widget elementor-widget-button\" data-id=\"94e0ea0\" data-element_type=\"widget\" data-widget_type=\"button.default\">\n\t\t\t\t<div class=\"elementor-widget-container\">\n\t\t\t\t\t\t\t\t\t<div class=\"elementor-button-wrapper\">\n\t\t\t\t\t<a class=\"elementor-button elementor-button-link elementor-size-sm\" href=\"https:\/\/fagrama.com\/\">\n\t\t\t\t\t\t<span class=\"elementor-button-content-wrapper\">\n\t\t\t\t\t\t<span class=\"elementor-button-icon\">\n\t\t\t\t<svg aria-hidden=\"true\" class=\"e-font-icon-svg e-fas-arrow-left\" viewBox=\"0 0 448 512\" xmlns=\"http:\/\/www.w3.org\/2000\/svg\"><path d=\"M257.5 445.1l-22.2 22.2c-9.4 9.4-24.6 9.4-33.9 0L7 273c-9.4-9.4-9.4-24.6 0-33.9L201.4 44.7c9.4-9.4 24.6-9.4 33.9 0l22.2 22.2c9.5 9.5 9.3 25-.4 34.3L136.6 216H424c13.3 0 24 10.7 24 24v32c0 13.3-10.7 24-24 24H136.6l120.5 114.8c9.8 9.3 10 24.8.4 34.3z\"><\/path><\/svg>\t\t\t<\/span>\n\t\t\t\t\t\t\t\t\t<span class=\"elementor-button-text\">Regresar<\/span>\n\t\t\t\t\t<\/span>\n\t\t\t\t\t<\/a>\n\t\t\t\t<\/div>\n\t\t\t\t\t\t\t\t<\/div>\n\t\t\t\t<\/div>\n\t\t\t\t<\/div>\n\t\t\t\t\t<\/div>\n\t\t\t\t<\/div>\n\t\t<div class=\"elementor-element elementor-element-69ef60b e-flex e-con-boxed e-con e-parent\" data-id=\"69ef60b\" data-element_type=\"container\">\n\t\t\t\t\t<div class=\"e-con-inner\">\n\t\t<div class=\"elementor-element elementor-element-c18433a e-con-full e-flex e-con e-child\" data-id=\"c18433a\" data-element_type=\"container\" data-settings=\"{&quot;background_background&quot;:&quot;classic&quot;}\">\n\t\t\t\t<div class=\"elementor-element elementor-element-58714f7 elementor-invisible elementor-widget elementor-widget-heading\" data-id=\"58714f7\" data-element_type=\"widget\" data-settings=\"{&quot;_animation&quot;:&quot;slideInDown&quot;}\" data-widget_type=\"heading.default\">\n\t\t\t\t<div class=\"elementor-widget-container\">\n\t\t\t\t\t<h2 class=\"elementor-heading-title elementor-size-default\">Foro: \"El Futuro de la Vivienda Social en M\u00e9xico\"<\/h2>\t\t\t\t<\/div>\n\t\t\t\t<\/div>\n\t\t\t\t<\/div>\n\t\t<div class=\"elementor-element elementor-element-963ae67 e-con-full e-flex e-con e-child\" data-id=\"963ae67\" data-element_type=\"container\">\n\t\t<div class=\"elementor-element elementor-element-febcbd8 e-con-full e-flex elementor-invisible e-con e-child\" data-id=\"febcbd8\" data-element_type=\"container\" data-settings=\"{&quot;background_background&quot;:&quot;slideshow&quot;,&quot;background_slideshow_gallery&quot;:[{&quot;id&quot;:20477,&quot;url&quot;:&quot;https:\\\/\\\/fagrama.com\\\/wp-content\\\/uploads\\\/2025\\\/04\\\/DSC00053-scaled.jpg&quot;},{&quot;id&quot;:20478,&quot;url&quot;:&quot;https:\\\/\\\/fagrama.com\\\/wp-content\\\/uploads\\\/2025\\\/04\\\/DSC00138-scaled.jpg&quot;},{&quot;id&quot;:20385,&quot;url&quot;:&quot;https:\\\/\\\/fagrama.com\\\/wp-content\\\/uploads\\\/2025\\\/04\\\/Copia-de-DSC00169-1-scaled.jpg&quot;},{&quot;id&quot;:20387,&quot;url&quot;:&quot;https:\\\/\\\/fagrama.com\\\/wp-content\\\/uploads\\\/2025\\\/04\\\/DSC00082-scaled.jpg&quot;}],&quot;background_slideshow_ken_burns&quot;:&quot;yes&quot;,&quot;background_slideshow_ken_burns_zoom_direction&quot;:&quot;out&quot;,&quot;animation&quot;:&quot;zoomIn&quot;,&quot;background_slideshow_loop&quot;:&quot;yes&quot;,&quot;background_slideshow_slide_duration&quot;:5000,&quot;background_slideshow_slide_transition&quot;:&quot;fade&quot;,&quot;background_slideshow_transition_duration&quot;:500}\">\n\t\t\t\t<\/div>\n\t\t\t\t<\/div>\n\t\t<div class=\"elementor-element elementor-element-5771c60 e-con-full e-flex e-con e-child\" data-id=\"5771c60\" data-element_type=\"container\" data-settings=\"{&quot;background_background&quot;:&quot;classic&quot;}\">\n\t\t\t\t<div class=\"elementor-element elementor-element-3da9f8a elementor-widget__width-initial elementor-invisible elementor-widget elementor-widget-text-editor\" data-id=\"3da9f8a\" data-element_type=\"widget\" data-settings=\"{&quot;_animation&quot;:&quot;slideInDown&quot;}\" data-widget_type=\"text-editor.default\">\n\t\t\t\t<div class=\"elementor-widget-container\">\n\t\t\t\t\t\t\t\t\t<p>El pasado 7 de Marzo se lleva a cabo la conferencia en Cucea sobre el futuro de la vivienda social en M\u00e9xico, en la cual fuimos parte de los expositores.<\/p>\t\t\t\t\t\t\t\t<\/div>\n\t\t\t\t<\/div>\n\t\t\t\t<div class=\"elementor-element elementor-element-0a074e1 elementor-widget elementor-widget-heading\" data-id=\"0a074e1\" data-element_type=\"widget\" data-widget_type=\"heading.default\">\n\t\t\t\t<div class=\"elementor-widget-container\">\n\t\t\t\t\t<h6 class=\"elementor-heading-title elementor-size-default\"><a href=\"https:\/\/www.udg.mx\/index.php\/es\/noticia\/debaten-sobre-politicas-publicas-para-vivienda-en-el-cucea?fbclid=IwY2xjawJypbxleHRuA2FlbQIxMAABHrsP1EdLN4_MY-X5N-fLMW3-i7rouNnMEV0WwFByOrpRO98ZVU8k864pZldM_aem_V6jDhnaTSWJrOMhpwqkEnw\">Aqu\u00ed el art\u00edculo completo<\/a><\/h6>\t\t\t\t<\/div>\n\t\t\t\t<\/div>\n\t\t\t\t<\/div>\n\t\t\t\t\t<\/div>\n\t\t\t\t<\/div>\n\t\t<div class=\"elementor-element elementor-element-4acfcc7 e-flex e-con-boxed e-con e-parent\" data-id=\"4acfcc7\" data-element_type=\"container\">\n\t\t\t\t\t<div class=\"e-con-inner\">\n\t\t<div class=\"elementor-element elementor-element-7b0be55 e-con-full e-flex e-con e-child\" data-id=\"7b0be55\" data-element_type=\"container\" data-settings=\"{&quot;background_background&quot;:&quot;classic&quot;}\">\n\t\t\t\t<div class=\"elementor-element elementor-element-07d2dea elementor-widget__width-initial elementor-invisible elementor-widget elementor-widget-heading\" data-id=\"07d2dea\" data-element_type=\"widget\" data-settings=\"{&quot;_animation&quot;:&quot;slideInDown&quot;}\" data-widget_type=\"heading.default\">\n\t\t\t\t<div class=\"elementor-widget-container\">\n\t\t\t\t\t<h2 class=\"elementor-heading-title elementor-size-default\">Congreso de vivienda con cmic y CRV jalisco<\/h2>\t\t\t\t<\/div>\n\t\t\t\t<\/div>\n\t\t\t\t<\/div>\n\t\t<div class=\"elementor-element elementor-element-2925463 e-con-full e-flex e-con e-child\" data-id=\"2925463\" data-element_type=\"container\" data-settings=\"{&quot;background_background&quot;:&quot;slideshow&quot;,&quot;background_slideshow_gallery&quot;:[{&quot;id&quot;:21196,&quot;url&quot;:&quot;https:\\\/\\\/fagrama.com\\\/wp-content\\\/uploads\\\/2025\\\/12\\\/518.png&quot;},{&quot;id&quot;:21197,&quot;url&quot;:&quot;https:\\\/\\\/fagrama.com\\\/wp-content\\\/uploads\\\/2025\\\/12\\\/520.png&quot;},{&quot;id&quot;:21198,&quot;url&quot;:&quot;https:\\\/\\\/fagrama.com\\\/wp-content\\\/uploads\\\/2025\\\/12\\\/523.png&quot;},{&quot;id&quot;:21199,&quot;url&quot;:&quot;https:\\\/\\\/fagrama.com\\\/wp-content\\\/uploads\\\/2025\\\/12\\\/525.png&quot;},{&quot;id&quot;:21202,&quot;url&quot;:&quot;https:\\\/\\\/fagrama.com\\\/wp-content\\\/uploads\\\/2025\\\/12\\\/527.png&quot;},{&quot;id&quot;:21203,&quot;url&quot;:&quot;https:\\\/\\\/fagrama.com\\\/wp-content\\\/uploads\\\/2025\\\/12\\\/DSC00467-scaled.png&quot;}],&quot;background_slideshow_loop&quot;:&quot;yes&quot;,&quot;background_slideshow_slide_duration&quot;:5000,&quot;background_slideshow_slide_transition&quot;:&quot;fade&quot;,&quot;background_slideshow_transition_duration&quot;:500}\">\n\t\t\t\t<\/div>\n\t\t\t\t\t<\/div>\n\t\t\t\t<\/div>\n\t\t<div class=\"elementor-element elementor-element-78fec2d e-flex e-con-boxed e-con e-parent\" data-id=\"78fec2d\" data-element_type=\"container\">\n\t\t\t\t\t<div class=\"e-con-inner\">\n\t\t<div class=\"elementor-element elementor-element-1ee5c1e e-con-full e-flex e-con e-child\" data-id=\"1ee5c1e\" data-element_type=\"container\" data-settings=\"{&quot;background_background&quot;:&quot;classic&quot;}\">\n\t\t\t\t<div class=\"elementor-element elementor-element-5459d86 elementor-widget__width-initial elementor-invisible elementor-widget elementor-widget-heading\" data-id=\"5459d86\" data-element_type=\"widget\" data-settings=\"{&quot;_animation&quot;:&quot;slideInDown&quot;}\" data-widget_type=\"heading.default\">\n\t\t\t\t<div class=\"elementor-widget-container\">\n\t\t\t\t\t<h2 class=\"elementor-heading-title elementor-size-default\">Acomp\u00e1\u00f1anos en nuestra cata de vinos<\/h2>\t\t\t\t<\/div>\n\t\t\t\t<\/div>\n\t\t\t\t<\/div>\n\t\t<div class=\"elementor-element elementor-element-fd61596 e-con-full e-flex e-con e-child\" data-id=\"fd61596\" data-element_type=\"container\">\n\t\t<div class=\"elementor-element elementor-element-1704997 e-con-full e-flex elementor-invisible e-con e-child\" data-id=\"1704997\" data-element_type=\"container\" data-settings=\"{&quot;background_background&quot;:&quot;slideshow&quot;,&quot;background_slideshow_gallery&quot;:[{&quot;id&quot;:21184,&quot;url&quot;:&quot;https:\\\/\\\/fagrama.com\\\/wp-content\\\/uploads\\\/2025\\\/12\\\/21-scaled.png&quot;},{&quot;id&quot;:21185,&quot;url&quot;:&quot;https:\\\/\\\/fagrama.com\\\/wp-content\\\/uploads\\\/2025\\\/12\\\/25-scaled.jpg&quot;},{&quot;id&quot;:21186,&quot;url&quot;:&quot;https:\\\/\\\/fagrama.com\\\/wp-content\\\/uploads\\\/2025\\\/12\\\/Foto-11-scaled.jpg&quot;},{&quot;id&quot;:21187,&quot;url&quot;:&quot;https:\\\/\\\/fagrama.com\\\/wp-content\\\/uploads\\\/2025\\\/12\\\/Foto-12-scaled.jpg&quot;},{&quot;id&quot;:21188,&quot;url&quot;:&quot;https:\\\/\\\/fagrama.com\\\/wp-content\\\/uploads\\\/2025\\\/12\\\/Foto-13-scaled.jpg&quot;},{&quot;id&quot;:21189,&quot;url&quot;:&quot;https:\\\/\\\/fagrama.com\\\/wp-content\\\/uploads\\\/2025\\\/12\\\/Foto-15-scaled.jpg&quot;},{&quot;id&quot;:21190,&quot;url&quot;:&quot;https:\\\/\\\/fagrama.com\\\/wp-content\\\/uploads\\\/2025\\\/12\\\/Foto-16-scaled.jpg&quot;},{&quot;id&quot;:21191,&quot;url&quot;:&quot;https:\\\/\\\/fagrama.com\\\/wp-content\\\/uploads\\\/2025\\\/12\\\/Foto-17-scaled.jpg&quot;}],&quot;background_slideshow_ken_burns&quot;:&quot;yes&quot;,&quot;background_slideshow_ken_burns_zoom_direction&quot;:&quot;out&quot;,&quot;animation&quot;:&quot;zoomIn&quot;,&quot;background_slideshow_loop&quot;:&quot;yes&quot;,&quot;background_slideshow_slide_duration&quot;:5000,&quot;background_slideshow_slide_transition&quot;:&quot;fade&quot;,&quot;background_slideshow_transition_duration&quot;:500}\">\n\t\t\t\t<\/div>\n\t\t\t\t<\/div>\n\t\t\t\t\t<\/div>\n\t\t\t\t<\/div>\n\t\t<div class=\"elementor-element elementor-element-ea0d283 e-flex e-con-boxed e-con e-parent\" data-id=\"ea0d283\" data-element_type=\"container\">\n\t\t\t\t\t<div class=\"e-con-inner\">\n\t\t<div class=\"elementor-element elementor-element-58fb06c e-con-full e-flex e-con e-child\" data-id=\"58fb06c\" data-element_type=\"container\" data-settings=\"{&quot;background_background&quot;:&quot;classic&quot;}\">\n\t\t\t\t<div class=\"elementor-element elementor-element-621c15a elementor-widget__width-initial elementor-invisible elementor-widget elementor-widget-heading\" data-id=\"621c15a\" data-element_type=\"widget\" data-settings=\"{&quot;_animation&quot;:&quot;slideInDown&quot;}\" data-widget_type=\"heading.default\">\n\t\t\t\t<div class=\"elementor-widget-container\">\n\t\t\t\t\t<h2 class=\"elementor-heading-title elementor-size-default\">Reuni\u00f3n general de nuestro equipo Fagrama<\/h2>\t\t\t\t<\/div>\n\t\t\t\t<\/div>\n\t\t\t\t<\/div>\n\t\t<div class=\"elementor-element elementor-element-e721b5b e-con-full e-flex e-con e-child\" data-id=\"e721b5b\" data-element_type=\"container\" data-settings=\"{&quot;background_background&quot;:&quot;slideshow&quot;,&quot;background_slideshow_gallery&quot;:[{&quot;id&quot;:21225,&quot;url&quot;:&quot;https:\\\/\\\/fagrama.com\\\/wp-content\\\/uploads\\\/2025\\\/12\\\/1-1-scaled.png&quot;},{&quot;id&quot;:21227,&quot;url&quot;:&quot;https:\\\/\\\/fagrama.com\\\/wp-content\\\/uploads\\\/2025\\\/12\\\/2-1-scaled.png&quot;},{&quot;id&quot;:21228,&quot;url&quot;:&quot;https:\\\/\\\/fagrama.com\\\/wp-content\\\/uploads\\\/2025\\\/12\\\/3-1-scaled.png&quot;},{&quot;id&quot;:21229,&quot;url&quot;:&quot;https:\\\/\\\/fagrama.com\\\/wp-content\\\/uploads\\\/2025\\\/12\\\/4-scaled.png&quot;}],&quot;background_slideshow_loop&quot;:&quot;yes&quot;,&quot;background_slideshow_slide_duration&quot;:5000,&quot;background_slideshow_slide_transition&quot;:&quot;fade&quot;,&quot;background_slideshow_transition_duration&quot;:500}\">\n\t\t\t\t<\/div>\n\t\t\t\t\t<\/div>\n\t\t\t\t<\/div>\n\t\t<div class=\"elementor-element elementor-element-ebf2f2d e-flex e-con-boxed e-con e-parent\" data-id=\"ebf2f2d\" data-element_type=\"container\">\n\t\t\t\t\t<div class=\"e-con-inner\">\n\t\t<div class=\"elementor-element elementor-element-e2e671d e-con-full e-flex e-con e-child\" data-id=\"e2e671d\" data-element_type=\"container\">\n\t\t\t\t<div class=\"elementor-element elementor-element-e2effc7 elementor-widget elementor-widget-gimont_elementor_heading\" data-id=\"e2effc7\" data-element_type=\"widget\" data-widget_type=\"gimont_elementor_heading.default\">\n\t\t\t\t<div class=\"elementor-widget-container\">\n\t\t\t\t\t\n\t\t\t<div class=\"ova-heading template_1\">\n\t\t\t\t\t\t\t\t\t\t\t\t\t\t\t<span class=\"line\"><\/span>\n\t\t\t\t\t\t\t\t\t\t<span class=\"subtitle\">CONOCE M\u00c1S DE NOSOTROS<\/span>\n\t\t\t\t\t\t\t\t\t\t\t\t\t\n\t\t\t\t\t\t\t\t\t\t\t\t\t\t\t<h2 class=\"title\">Te ayudamos a iniciar tu\nproyecto<\/h2>\n\t\t\t\t\t\t\t\t\t\t\n\t\t\t\t\t\t\t\t\n\t\t\t\t\n\t\t\t<\/div>\n\n\t\t\t\t\t\t<\/div>\n\t\t\t\t<\/div>\n\t\t\t\t<div class=\"elementor-element elementor-element-55fd08a elementor-shape-rounded elementor-grid-0 e-grid-align-center elementor-widget elementor-widget-social-icons\" data-id=\"55fd08a\" data-element_type=\"widget\" data-widget_type=\"social-icons.default\">\n\t\t\t\t<div class=\"elementor-widget-container\">\n\t\t\t\t\t\t\t<div class=\"elementor-social-icons-wrapper elementor-grid\">\n\t\t\t\t\t\t\t<span class=\"elementor-grid-item\">\n\t\t\t\t\t<a class=\"elementor-icon elementor-social-icon elementor-social-icon-facebook elementor-repeater-item-a35d128\" href=\"https:\/\/www.facebook.com\/profile.php?id=61565755232195\" target=\"_blank\">\n\t\t\t\t\t\t<span class=\"elementor-screen-only\">Facebook<\/span>\n\t\t\t\t\t\t<svg class=\"e-font-icon-svg e-fab-facebook\" viewBox=\"0 0 512 512\" xmlns=\"http:\/\/www.w3.org\/2000\/svg\"><path d=\"M504 256C504 119 393 8 256 8S8 119 8 256c0 123.78 90.69 226.38 209.25 245V327.69h-63V256h63v-54.64c0-62.15 37-96.48 93.67-96.48 27.14 0 55.52 4.84 55.52 4.84v61h-31.28c-30.8 0-40.41 19.12-40.41 38.73V256h68.78l-11 71.69h-57.78V501C413.31 482.38 504 379.78 504 256z\"><\/path><\/svg>\t\t\t\t\t<\/a>\n\t\t\t\t<\/span>\n\t\t\t\t\t\t\t<span class=\"elementor-grid-item\">\n\t\t\t\t\t<a class=\"elementor-icon elementor-social-icon elementor-social-icon-instagram elementor-repeater-item-6a2044d\" href=\"https:\/\/www.instagram.com\/fagra_ma?igsh=M3NtMDc1Z3pmampw\" target=\"_blank\">\n\t\t\t\t\t\t<span class=\"elementor-screen-only\">Instagram<\/span>\n\t\t\t\t\t\t<svg class=\"e-font-icon-svg e-fab-instagram\" viewBox=\"0 0 448 512\" xmlns=\"http:\/\/www.w3.org\/2000\/svg\"><path d=\"M224.1 141c-63.6 0-114.9 51.3-114.9 114.9s51.3 114.9 114.9 114.9S339 319.5 339 255.9 287.7 141 224.1 141zm0 189.6c-41.1 0-74.7-33.5-74.7-74.7s33.5-74.7 74.7-74.7 74.7 33.5 74.7 74.7-33.6 74.7-74.7 74.7zm146.4-194.3c0 14.9-12 26.8-26.8 26.8-14.9 0-26.8-12-26.8-26.8s12-26.8 26.8-26.8 26.8 12 26.8 26.8zm76.1 27.2c-1.7-35.9-9.9-67.7-36.2-93.9-26.2-26.2-58-34.4-93.9-36.2-37-2.1-147.9-2.1-184.9 0-35.8 1.7-67.6 9.9-93.9 36.1s-34.4 58-36.2 93.9c-2.1 37-2.1 147.9 0 184.9 1.7 35.9 9.9 67.7 36.2 93.9s58 34.4 93.9 36.2c37 2.1 147.9 2.1 184.9 0 35.9-1.7 67.7-9.9 93.9-36.2 26.2-26.2 34.4-58 36.2-93.9 2.1-37 2.1-147.8 0-184.8zM398.8 388c-7.8 19.6-22.9 34.7-42.6 42.6-29.5 11.7-99.5 9-132.1 9s-102.7 2.6-132.1-9c-19.6-7.8-34.7-22.9-42.6-42.6-11.7-29.5-9-99.5-9-132.1s-2.6-102.7 9-132.1c7.8-19.6 22.9-34.7 42.6-42.6 29.5-11.7 99.5-9 132.1-9s102.7-2.6 132.1 9c19.6 7.8 34.7 22.9 42.6 42.6 11.7 29.5 9 99.5 9 132.1s2.7 102.7-9 132.1z\"><\/path><\/svg>\t\t\t\t\t<\/a>\n\t\t\t\t<\/span>\n\t\t\t\t\t\t\t<span class=\"elementor-grid-item\">\n\t\t\t\t\t<a class=\"elementor-icon elementor-social-icon elementor-social-icon-youtube elementor-repeater-item-4b625e8\" href=\"https:\/\/www.youtube.com\/@FAGRAMADESARROLLADORA-f1s\" target=\"_blank\">\n\t\t\t\t\t\t<span class=\"elementor-screen-only\">Youtube<\/span>\n\t\t\t\t\t\t<svg class=\"e-font-icon-svg e-fab-youtube\" viewBox=\"0 0 576 512\" xmlns=\"http:\/\/www.w3.org\/2000\/svg\"><path d=\"M549.655 124.083c-6.281-23.65-24.787-42.276-48.284-48.597C458.781 64 288 64 288 64S117.22 64 74.629 75.486c-23.497 6.322-42.003 24.947-48.284 48.597-11.412 42.867-11.412 132.305-11.412 132.305s0 89.438 11.412 132.305c6.281 23.65 24.787 41.5 48.284 47.821C117.22 448 288 448 288 448s170.78 0 213.371-11.486c23.497-6.321 42.003-24.171 48.284-47.821 11.412-42.867 11.412-132.305 11.412-132.305s0-89.438-11.412-132.305zm-317.51 213.508V175.185l142.739 81.205-142.739 81.201z\"><\/path><\/svg>\t\t\t\t\t<\/a>\n\t\t\t\t<\/span>\n\t\t\t\t\t\t\t<span class=\"elementor-grid-item\">\n\t\t\t\t\t<a class=\"elementor-icon elementor-social-icon elementor-social-icon-whatsapp elementor-repeater-item-714b910\" href=\"https:\/\/w.app\/WlkU5V\" target=\"_blank\">\n\t\t\t\t\t\t<span class=\"elementor-screen-only\">Whatsapp<\/span>\n\t\t\t\t\t\t<svg class=\"e-font-icon-svg e-fab-whatsapp\" viewBox=\"0 0 448 512\" xmlns=\"http:\/\/www.w3.org\/2000\/svg\"><path d=\"M380.9 97.1C339 55.1 283.2 32 223.9 32c-122.4 0-222 99.6-222 222 0 39.1 10.2 77.3 29.6 111L0 480l117.7-30.9c32.4 17.7 68.9 27 106.1 27h.1c122.3 0 224.1-99.6 224.1-222 0-59.3-25.2-115-67.1-157zm-157 341.6c-33.2 0-65.7-8.9-94-25.7l-6.7-4-69.8 18.3L72 359.2l-4.4-7c-18.5-29.4-28.2-63.3-28.2-98.2 0-101.7 82.8-184.5 184.6-184.5 49.3 0 95.6 19.2 130.4 54.1 34.8 34.9 56.2 81.2 56.1 130.5 0 101.8-84.9 184.6-186.6 184.6zm101.2-138.2c-5.5-2.8-32.8-16.2-37.9-18-5.1-1.9-8.8-2.8-12.5 2.8-3.7 5.6-14.3 18-17.6 21.8-3.2 3.7-6.5 4.2-12 1.4-32.6-16.3-54-29.1-75.5-66-5.7-9.8 5.7-9.1 16.3-30.3 1.8-3.7.9-6.9-.5-9.7-1.4-2.8-12.5-30.1-17.1-41.2-4.5-10.8-9.1-9.3-12.5-9.5-3.2-.2-6.9-.2-10.6-.2-3.7 0-9.7 1.4-14.8 6.9-5.1 5.6-19.4 19-19.4 46.3 0 27.3 19.9 53.7 22.6 57.4 2.8 3.7 39.1 59.7 94.8 83.8 35.2 15.2 49 16.5 66.6 13.9 10.7-1.6 32.8-13.4 37.4-26.4 4.6-13 4.6-24.1 3.2-26.4-1.3-2.5-5-3.9-10.5-6.6z\"><\/path><\/svg>\t\t\t\t\t<\/a>\n\t\t\t\t<\/span>\n\t\t\t\t\t<\/div>\n\t\t\t\t\t\t<\/div>\n\t\t\t\t<\/div>\n\t\t\t\t<\/div>\n\t\t\t\t\t<\/div>\n\t\t\t\t<\/div>\n\t\t\t\t<\/div>\n\t\t","protected":false},"excerpt":{"rendered":"<p>Regresar Foro: &#8220;El Futuro de la Vivienda Social en M\u00e9xico&#8221; El pasado 7 de Marzo se lleva a cabo la conferencia en Cucea sobre el futuro de la vivienda social en M\u00e9xico, en la cual fuimos parte de los expositores. Aqu\u00ed el art\u00edculo completo Congreso de vivienda con cmic y CRV jalisco Acomp\u00e1\u00f1anos en nuestra [&hellip;]<\/p>\n","protected":false},"author":1,"featured_media":0,"parent":0,"menu_order":0,"comment_status":"closed","ping_status":"closed","template":"elementor_header_footer","meta":{"footnotes":""},"class_list":["post-2853","page","type-page","status-publish","hentry"],"_links":{"self":[{"href":"https:\/\/fagrama.com\/index.php\/wp-json\/wp\/v2\/pages\/2853","targetHints":{"allow":["GET"]}}],"collection":[{"href":"https:\/\/fagrama.com\/index.php\/wp-json\/wp\/v2\/pages"}],"about":[{"href":"https:\/\/fagrama.com\/index.php\/wp-json\/wp\/v2\/types\/page"}],"author":[{"embeddable":true,"href":"https:\/\/fagrama.com\/index.php\/wp-json\/wp\/v2\/users\/1"}],"replies":[{"embeddable":true,"href":"https:\/\/fagrama.com\/index.php\/wp-json\/wp\/v2\/comments?post=2853"}],"version-history":[{"count":158,"href":"https:\/\/fagrama.com\/index.php\/wp-json\/wp\/v2\/pages\/2853\/revisions"}],"predecessor-version":[{"id":21232,"href":"https:\/\/fagrama.com\/index.php\/wp-json\/wp\/v2\/pages\/2853\/revisions\/21232"}],"wp:attachment":[{"href":"https:\/\/fagrama.com\/index.php\/wp-json\/wp\/v2\/media?parent=2853"}],"curies":[{"name":"wp","href":"https:\/\/api.w.org\/{rel}","templated":true}]}}